{"id":440,"date":"2024-04-23T18:53:53","date_gmt":"2024-04-23T18:53:53","guid":{"rendered":"https:\/\/navasca.com.ve\/?page_id=440"},"modified":"2024-04-25T01:47:19","modified_gmt":"2024-04-25T01:47:19","slug":"sobre-nosotros","status":"publish","type":"page","link":"https:\/\/navasca.com.ve\/index.php\/sobre-nosotros\/","title":{"rendered":"Sobre nosotros"},"content":{"rendered":"\t\t<div data-elementor-type=\"wp-page\" data-elementor-id=\"440\" class=\"elementor elementor-440\" data-elementor-post-type=\"page\">\n\t\t\t\t<div class=\"elementor-element elementor-element-1895dff e-flex e-con-boxed e-con e-parent\" data-id=\"1895dff\" data-element_type=\"container\" data-settings=\"{&quot;background_background&quot;:&quot;classic&quot;}\">\n\t\t\t\t\t<div class=\"e-con-inner\">\n\t\t\t\t<div class=\"elementor-element elementor-element-0e4153a elementor-widget elementor-widget-heading\" data-id=\"0e4153a\" data-element_type=\"widget\" data-widget_type=\"heading.default\">\n\t\t\t\t<div class=\"elementor-widget-container\">\n\t\t\t\t\t<h2 class=\"elementor-heading-title elementor-size-default\">Sobre nosotros<\/h2>\t\t\t\t<\/div>\n\t\t\t\t<\/div>\n\t\t\t\t\t<\/div>\n\t\t\t\t<\/div>\n\t\t<div class=\"elementor-element elementor-element-8a51b3f e-flex e-con-boxed e-con e-parent\" data-id=\"8a51b3f\" data-element_type=\"container\">\n\t\t\t\t\t<div class=\"e-con-inner\">\n\t\t<div class=\"elementor-element elementor-element-f3faaa9 e-con-full e-flex e-con e-child\" data-id=\"f3faaa9\" data-element_type=\"container\">\n\t\t\t\t<div class=\"elementor-element elementor-element-2847b9f elementor-invisible elementor-widget elementor-widget-image\" data-id=\"2847b9f\" data-element_type=\"widget\" data-settings=\"{&quot;_animation&quot;:&quot;fadeInLeft&quot;}\" data-widget_type=\"image.default\">\n\t\t\t\t<div class=\"elementor-widget-container\">\n\t\t\t\t\t\t\t\t\t\t\t\t\t\t\t<img fetchpriority=\"high\" decoding=\"async\" width=\"341\" height=\"431\" src=\"https:\/\/navasca.com.ve\/wp-content\/uploads\/2024\/04\/Diseno-sin-titulo-10.png\" class=\"attachment-large size-large wp-image-446\" alt=\"\" srcset=\"https:\/\/navasca.com.ve\/wp-content\/uploads\/2024\/04\/Diseno-sin-titulo-10.png 341w, https:\/\/navasca.com.ve\/wp-content\/uploads\/2024\/04\/Diseno-sin-titulo-10-237x300.png 237w\" sizes=\"(max-width: 341px) 100vw, 341px\" \/>\t\t\t\t\t\t\t\t\t\t\t\t\t\t\t<\/div>\n\t\t\t\t<\/div>\n\t\t\t\t<\/div>\n\t\t<div class=\"elementor-element elementor-element-ebab7d2 e-con-full e-flex e-con e-child\" data-id=\"ebab7d2\" data-element_type=\"container\">\n\t\t<div class=\"elementor-element elementor-element-76b6d59 e-flex e-con-boxed e-con e-child\" data-id=\"76b6d59\" data-element_type=\"container\">\n\t\t\t\t\t<div class=\"e-con-inner\">\n\t\t\t\t<div class=\"elementor-element elementor-element-b31ce66 elementor-widget elementor-widget-heading\" data-id=\"b31ce66\" data-element_type=\"widget\" data-widget_type=\"heading.default\">\n\t\t\t\t<div class=\"elementor-widget-container\">\n\t\t\t\t\t<h2 class=\"elementor-heading-title elementor-size-default\">Rese\u00f1a Hist\u00f3rica<\/h2>\t\t\t\t<\/div>\n\t\t\t\t<\/div>\n\t\t\t\t<div class=\"elementor-element elementor-element-429ec48 elementor-widget elementor-widget-text-editor\" data-id=\"429ec48\" data-element_type=\"widget\" data-widget_type=\"text-editor.default\">\n\t\t\t\t<div class=\"elementor-widget-container\">\n\t\t\t\t\t\t\t\t\t<p><strong style=\"color: #09264e;\">A. NAVAS &amp; CO CA<\/strong>, es una empresa de vanguardia fundada el 06 de Mayo de 1981, cuya actividad comercial est\u00e1 dedicada al Agenciami\u00e9nto aduanero y naviero de mercanc\u00eda, Asesor\u00eda T\u00e9cnica, Env\u00edos Urgentes, Consolidaci\u00f3n de Carga, Servicio de Tracking, Importaciones, Exportaciones y Transporte Internacional, Aduanas.<\/p><p>Tiene como prop\u00f3sito fundamental brindar una atenci\u00f3n oportuna y de calidad, ofreciendo a sus clientes los servicios de agenciami\u00e9nto aduanero, transporte multimodal (aire, mar y tierra), consolidaci\u00f3n de carga a nivel mundial, consolidaci\u00f3n de servicio directo al consignatario, y otros afines.<\/p>\t\t\t\t\t\t\t\t<\/div>\n\t\t\t\t<\/div>\n\t\t\t\t\t<\/div>\n\t\t\t\t<\/div>\n\t\t\t\t<\/div>\n\t\t\t\t\t<\/div>\n\t\t\t\t<\/div>\n\t\t<div class=\"elementor-element elementor-element-0d2e069 e-flex e-con-boxed e-con e-parent\" data-id=\"0d2e069\" data-element_type=\"container\">\n\t\t\t\t\t<div class=\"e-con-inner\">\n\t\t\t\t<div class=\"elementor-element elementor-element-100f3c3 elementor-widget elementor-widget-text-editor\" data-id=\"100f3c3\" data-element_type=\"widget\" data-widget_type=\"text-editor.default\">\n\t\t\t\t<div class=\"elementor-widget-container\">\n\t\t\t\t\t\t\t\t\t<p><strong style=\"color: #09264e;\">A NAVAS &amp; CO, C.A. (AGENTES ADUANALES Y NAVIEROS)<\/strong> es una organizaci\u00f3n fundada por los hermanos Albino Navas Moreno y Lucy Navas Moreno en el a\u00f1o 1981, y se instalo en la Pen\u00ednsula de Paraguan\u00e1 desde hace 42 a\u00f1os, con el objetivo de ofrecer a todos los importadores de la zona un servicio orientado a satisfacer las necesidades de cada una de las empresas que integran la zona.<\/p><p>Asimismo, es importante mencionar que a trav\u00e9s de una alianza comercial con la Empresa <strong style=\"color: #09264e;\">OPERACIONES LOGISTICAS FALCON C.A<\/strong>, empresa que nos facilita una serie de operaciones relacionadas con el manejo de carga desde todas partes del mundo, ofreciendo servicios de consolidaci\u00f3n de carga, almacenamiento entre otras, en virtud de todo esto fue importante realizar esta alianza la cual tiene por finalidad cumplir responsablemente bajo el mismo equipo de trabajo a nuestros clientes.<\/p>\t\t\t\t\t\t\t\t<\/div>\n\t\t\t\t<\/div>\n\t\t\t\t<div class=\"elementor-element elementor-element-18e8eb7 elementor-skin-coverflow elementor-arrows-yes elementor-widget elementor-widget-media-carousel\" data-id=\"18e8eb7\" data-element_type=\"widget\" data-settings=\"{&quot;skin&quot;:&quot;coverflow&quot;,&quot;show_arrows&quot;:&quot;yes&quot;,&quot;speed&quot;:500,&quot;autoplay&quot;:&quot;yes&quot;,&quot;autoplay_speed&quot;:5000,&quot;loop&quot;:&quot;yes&quot;,&quot;pause_on_hover&quot;:&quot;yes&quot;,&quot;pause_on_interaction&quot;:&quot;yes&quot;,&quot;space_between&quot;:{&quot;unit&quot;:&quot;px&quot;,&quot;size&quot;:10,&quot;sizes&quot;:[]},&quot;space_between_tablet&quot;:{&quot;unit&quot;:&quot;px&quot;,&quot;size&quot;:10,&quot;sizes&quot;:[]},&quot;space_between_mobile&quot;:{&quot;unit&quot;:&quot;px&quot;,&quot;size&quot;:10,&quot;sizes&quot;:[]}}\" data-widget_type=\"media-carousel.default\">\n\t\t\t\t<div class=\"elementor-widget-container\">\n\t\t\t\t\t\t\t\t\t<div class=\"elementor-swiper\">\n\t\t\t\t\t<div class=\"elementor-main-swiper swiper\" role=\"region\" aria-roledescription=\"carousel\" aria-label=\"Slides\">\n\t\t\t\t<div class=\"swiper-wrapper\">\n\t\t\t\t\t\t\t\t\t\t\t<div class=\"swiper-slide\" role=\"group\" aria-roledescription=\"slide\">\n\t\t\t\t\t\t\t\t\t<div class=\"elementor-carousel-image\" role=\"img\" aria-label=\"20230128_102916\" style=\"background-image: url(&#039;https:\/\/navasca.com.ve\/wp-content\/uploads\/2024\/04\/20230128_102916.png&#039;)\">\n\n\t\t\t\n\t\t\t\t\t<\/div>\n\t\t\t\t\t\t\t\t<\/div>\n\t\t\t\t\t\t\t\t\t\t\t<div class=\"swiper-slide\" role=\"group\" aria-roledescription=\"slide\">\n\t\t\t\t\t\t\t\t\t<div class=\"elementor-carousel-image\" role=\"img\" aria-label=\"20230717_164730\" style=\"background-image: url(&#039;https:\/\/navasca.com.ve\/wp-content\/uploads\/2024\/04\/20230717_164730-scaled.jpg&#039;)\">\n\n\t\t\t\n\t\t\t\t\t<\/div>\n\t\t\t\t\t\t\t\t<\/div>\n\t\t\t\t\t\t\t\t\t\t\t<div class=\"swiper-slide\" role=\"group\" aria-roledescription=\"slide\">\n\t\t\t\t\t\t\t\t\t<div class=\"elementor-carousel-image\" role=\"img\" aria-label=\"1712773222113\" style=\"background-image: url(&#039;https:\/\/navasca.com.ve\/wp-content\/uploads\/2024\/04\/1712773222113.png&#039;)\">\n\n\t\t\t\n\t\t\t\t\t<\/div>\n\t\t\t\t\t\t\t\t<\/div>\n\t\t\t\t\t\t\t\t\t\t\t<div class=\"swiper-slide\" role=\"group\" aria-roledescription=\"slide\">\n\t\t\t\t\t\t\t\t\t<div class=\"elementor-carousel-image\" role=\"img\" aria-label=\"operaciones_coke_8\" style=\"background-image: url(&#039;https:\/\/navasca.com.ve\/wp-content\/uploads\/2024\/04\/operaciones_coke_8.jpg&#039;)\">\n\n\t\t\t\n\t\t\t\t\t<\/div>\n\t\t\t\t\t\t\t\t<\/div>\n\t\t\t\t\t\t\t\t\t\t\t<div class=\"swiper-slide\" role=\"group\" aria-roledescription=\"slide\">\n\t\t\t\t\t\t\t\t\t<div class=\"elementor-carousel-image\" role=\"img\" aria-label=\"20230128_183242\" style=\"background-image: url(&#039;https:\/\/navasca.com.ve\/wp-content\/uploads\/2024\/04\/20230128_183242-scaled.jpg&#039;)\">\n\n\t\t\t\n\t\t\t\t\t<\/div>\n\t\t\t\t\t\t\t\t<\/div>\n\t\t\t\t\t\t\t\t\t<\/div>\n\t\t\t\t\t\t\t\t\t\t\t\t\t\t\t<div class=\"elementor-swiper-button elementor-swiper-button-prev\" role=\"button\" tabindex=\"0\" aria-label=\"Previous\">\n\t\t\t\t\t\t\t<svg aria-hidden=\"true\" class=\"e-font-icon-svg e-eicon-chevron-left\" viewBox=\"0 0 1000 1000\" xmlns=\"http:\/\/www.w3.org\/2000\/svg\"><path d=\"M646 125C629 125 613 133 604 142L308 442C296 454 292 471 292 487 292 504 296 521 308 533L604 854C617 867 629 875 646 875 663 875 679 871 692 858 704 846 713 829 713 812 713 796 708 779 692 767L438 487 692 225C700 217 708 204 708 187 708 171 704 154 692 142 675 129 663 125 646 125Z\"><\/path><\/svg>\t\t\t\t\t\t<\/div>\n\t\t\t\t\t\t<div class=\"elementor-swiper-button elementor-swiper-button-next\" role=\"button\" tabindex=\"0\" aria-label=\"Next\">\n\t\t\t\t\t\t\t<svg aria-hidden=\"true\" class=\"e-font-icon-svg e-eicon-chevron-right\" viewBox=\"0 0 1000 1000\" xmlns=\"http:\/\/www.w3.org\/2000\/svg\"><path d=\"M696 533C708 521 713 504 713 487 713 471 708 454 696 446L400 146C388 133 375 125 354 125 338 125 325 129 313 142 300 154 292 171 292 187 292 204 296 221 308 233L563 492 304 771C292 783 288 800 288 817 288 833 296 850 308 863 321 871 338 875 354 875 371 875 388 867 400 854L696 533Z\"><\/path><\/svg>\t\t\t\t\t\t<\/div>\n\t\t\t\t\t\t\t\t\t\t\t\t\t\t\t\t\t<\/div>\n\t\t\t\t<\/div>\n\t\t\t\t\t\t\t\t<\/div>\n\t\t\t\t<\/div>\n\t\t\t\t<div class=\"elementor-element elementor-element-2560b4c elementor-widget elementor-widget-image\" data-id=\"2560b4c\" data-element_type=\"widget\" data-widget_type=\"image.default\">\n\t\t\t\t<div class=\"elementor-widget-container\">\n\t\t\t\t\t\t\t\t\t\t\t\t\t\t\t<img decoding=\"async\" width=\"503\" height=\"302\" src=\"https:\/\/navasca.com.ve\/wp-content\/uploads\/2024\/03\/LOGO-NAVSCA-INTERNACIONAL-AZUL.png\" class=\"attachment-large size-large wp-image-292\" alt=\"\" srcset=\"https:\/\/navasca.com.ve\/wp-content\/uploads\/2024\/03\/LOGO-NAVSCA-INTERNACIONAL-AZUL.png 503w, https:\/\/navasca.com.ve\/wp-content\/uploads\/2024\/03\/LOGO-NAVSCA-INTERNACIONAL-AZUL-300x180.png 300w\" sizes=\"(max-width: 503px) 100vw, 503px\" \/>\t\t\t\t\t\t\t\t\t\t\t\t\t\t\t<\/div>\n\t\t\t\t<\/div>\n\t\t\t\t\t<\/div>\n\t\t\t\t<\/div>\n\t\t<div class=\"elementor-element elementor-element-dd07184 e-flex e-con-boxed elementor-invisible e-con e-parent\" data-id=\"dd07184\" data-element_type=\"container\" data-settings=\"{&quot;background_background&quot;:&quot;classic&quot;,&quot;animation&quot;:&quot;fadeInUp&quot;}\">\n\t\t\t\t\t<div class=\"e-con-inner\">\n\t\t<div class=\"elementor-element elementor-element-b85abcb e-con-full e-flex e-con e-child\" data-id=\"b85abcb\" data-element_type=\"container\">\n\t\t\t\t<div class=\"elementor-element elementor-element-74eaceb elementor-position-right elementor-mobile-position-right elementor-vertical-align-middle elementor-vertical-align-middle elementor-view-default elementor-widget elementor-widget-icon-box\" data-id=\"74eaceb\" data-element_type=\"widget\" data-widget_type=\"icon-box.default\">\n\t\t\t\t<div class=\"elementor-widget-container\">\n\t\t\t\t\t\t\t<div class=\"elementor-icon-box-wrapper\">\n\n\t\t\t\t\t\t<div class=\"elementor-icon-box-icon\">\n\t\t\t\t<span  class=\"elementor-icon elementor-animation-grow\">\n\t\t\t\t<svg aria-hidden=\"true\" class=\"e-font-icon-svg e-fas-anchor\" viewBox=\"0 0 576 512\" xmlns=\"http:\/\/www.w3.org\/2000\/svg\"><path d=\"M12.971 352h32.394C67.172 454.735 181.944 512 288 512c106.229 0 220.853-57.38 242.635-160h32.394c10.691 0 16.045-12.926 8.485-20.485l-67.029-67.029c-4.686-4.686-12.284-4.686-16.971 0l-67.029 67.029c-7.56 7.56-2.206 20.485 8.485 20.485h35.146c-20.29 54.317-84.963 86.588-144.117 94.015V256h52c6.627 0 12-5.373 12-12v-40c0-6.627-5.373-12-12-12h-52v-5.47c37.281-13.178 63.995-48.725 64-90.518C384.005 43.772 341.605.738 289.37.01 235.723-.739 192 42.525 192 96c0 41.798 26.716 77.35 64 90.53V192h-52c-6.627 0-12 5.373-12 12v40c0 6.627 5.373 12 12 12h52v190.015c-58.936-7.399-123.82-39.679-144.117-94.015h35.146c10.691 0 16.045-12.926 8.485-20.485l-67.029-67.029c-4.686-4.686-12.284-4.686-16.971 0L4.485 331.515C-3.074 339.074 2.28 352 12.971 352zM288 64c17.645 0 32 14.355 32 32s-14.355 32-32 32-32-14.355-32-32 14.355-32 32-32z\"><\/path><\/svg>\t\t\t\t<\/span>\n\t\t\t<\/div>\n\t\t\t\n\t\t\t\t\t\t<div class=\"elementor-icon-box-content\">\n\n\t\t\t\t\t\t\t\t\t<h3 class=\"elementor-icon-box-title\">\n\t\t\t\t\t\t<span  >\n\t\t\t\t\t\t\tMisi\u00f3n\t\t\t\t\t\t<\/span>\n\t\t\t\t\t<\/h3>\n\t\t\t\t\n\t\t\t\t\n\t\t\t<\/div>\n\t\t\t\n\t\t<\/div>\n\t\t\t\t\t\t<\/div>\n\t\t\t\t<\/div>\n\t\t\t\t<div class=\"elementor-element elementor-element-5e6b450 elementor-widget elementor-widget-text-editor\" data-id=\"5e6b450\" data-element_type=\"widget\" data-widget_type=\"text-editor.default\">\n\t\t\t\t<div class=\"elementor-widget-container\">\n\t\t\t\t\t\t\t\t\t<p>Garantizar la m\u00e1xima calidad de cada uno de los servicios prestados en las \u00e1reas de Agenciamiento Naviero, Agenciamiento Aduanal y Consolidaci\u00f3n de Carga, comprometidos con la excelencia en los trabajos ejecutados y la satisfacci\u00f3n plena de los requerimientos de nuestros clientes, as\u00ed como los legales y reglamentarios aplicables a nuestra actividad.<\/p>\t\t\t\t\t\t\t\t<\/div>\n\t\t\t\t<\/div>\n\t\t\t\t<\/div>\n\t\t<div class=\"elementor-element elementor-element-2ebdf89 e-con-full e-flex e-con e-child\" data-id=\"2ebdf89\" data-element_type=\"container\">\n\t\t\t\t<div class=\"elementor-element elementor-element-fd76e14 elementor-position-right elementor-mobile-position-right elementor-vertical-align-middle elementor-vertical-align-middle elementor-view-default elementor-widget elementor-widget-icon-box\" data-id=\"fd76e14\" data-element_type=\"widget\" data-widget_type=\"icon-box.default\">\n\t\t\t\t<div class=\"elementor-widget-container\">\n\t\t\t\t\t\t\t<div class=\"elementor-icon-box-wrapper\">\n\n\t\t\t\t\t\t<div class=\"elementor-icon-box-icon\">\n\t\t\t\t<span  class=\"elementor-icon elementor-animation-grow\">\n\t\t\t\t<svg aria-hidden=\"true\" class=\"e-font-icon-svg e-far-eye\" viewBox=\"0 0 576 512\" xmlns=\"http:\/\/www.w3.org\/2000\/svg\"><path d=\"M288 144a110.94 110.94 0 0 0-31.24 5 55.4 55.4 0 0 1 7.24 27 56 56 0 0 1-56 56 55.4 55.4 0 0 1-27-7.24A111.71 111.71 0 1 0 288 144zm284.52 97.4C518.29 135.59 410.93 64 288 64S57.68 135.64 3.48 241.41a32.35 32.35 0 0 0 0 29.19C57.71 376.41 165.07 448 288 448s230.32-71.64 284.52-177.41a32.35 32.35 0 0 0 0-29.19zM288 400c-98.65 0-189.09-55-237.93-144C98.91 167 189.34 112 288 112s189.09 55 237.93 144C477.1 345 386.66 400 288 400z\"><\/path><\/svg>\t\t\t\t<\/span>\n\t\t\t<\/div>\n\t\t\t\n\t\t\t\t\t\t<div class=\"elementor-icon-box-content\">\n\n\t\t\t\t\t\t\t\t\t<h3 class=\"elementor-icon-box-title\">\n\t\t\t\t\t\t<span  >\n\t\t\t\t\t\t\tVisi\u00f3n\t\t\t\t\t\t<\/span>\n\t\t\t\t\t<\/h3>\n\t\t\t\t\n\t\t\t\t\n\t\t\t<\/div>\n\t\t\t\n\t\t<\/div>\n\t\t\t\t\t\t<\/div>\n\t\t\t\t<\/div>\n\t\t\t\t<div class=\"elementor-element elementor-element-542e584 elementor-widget elementor-widget-text-editor\" data-id=\"542e584\" data-element_type=\"widget\" data-widget_type=\"text-editor.default\">\n\t\t\t\t<div class=\"elementor-widget-container\">\n\t\t\t\t\t\t\t\t\t<p>Ser una empresa de excelencia en las actividades que desempe\u00f1a, logrando ser altamente competitivos en nuestro sector como Agente Aduanero, Agente Naviero y Consolidador de Carga, contribuyendo con el crecimiento a nivel nacional.<\/p>\t\t\t\t\t\t\t\t<\/div>\n\t\t\t\t<\/div>\n\t\t\t\t<\/div>\n\t\t\t\t\t<\/div>\n\t\t\t\t<\/div>\n\t\t\t\t<\/div>\n\t\t","protected":false},"excerpt":{"rendered":"<p>Sobre nosotros Rese\u00f1a Hist\u00f3rica A. NAVAS &amp; CO CA, es una empresa de vanguardia fundada el 06 de Mayo de 1981, cuya actividad comercial est\u00e1 dedicada al Agenciami\u00e9nto aduanero y naviero de mercanc\u00eda, Asesor\u00eda T\u00e9cnica, Env\u00edos Urgentes, Consolidaci\u00f3n de Carga, Servicio de Tracking, Importaciones, Exportaciones y Transporte Internacional, Aduanas. Tiene como prop\u00f3sito fundamental brindar una [&hellip;]<\/p>\n","protected":false},"author":1,"featured_media":0,"parent":0,"menu_order":0,"comment_status":"closed","ping_status":"closed","template":"","meta":{"footnotes":""},"class_list":["post-440","page","type-page","status-publish","hentry"],"yoast_head":"<!-- This site is optimized with the Yoast SEO plugin v25.5 - https:\/\/yoast.com\/wordpress\/plugins\/seo\/ -->\n<title>Sobre nosotros - Navasca<\/title>\n<meta name=\"robots\" content=\"index, follow, max-snippet:-1, max-image-preview:large, max-video-preview:-1\" \/>\n<link rel=\"canonical\" href=\"https:\/\/navasca.com.ve\/index.php\/sobre-nosotros\/\" \/>\n<meta property=\"og:locale\" content=\"es_ES\" \/>\n<meta property=\"og:type\" content=\"article\" \/>\n<meta property=\"og:title\" content=\"Sobre nosotros - Navasca\" \/>\n<meta property=\"og:description\" content=\"Sobre nosotros Rese\u00f1a Hist\u00f3rica A. NAVAS &amp; CO CA, es una empresa de vanguardia fundada el 06 de Mayo de 1981, cuya actividad comercial est\u00e1 dedicada al Agenciami\u00e9nto aduanero y naviero de mercanc\u00eda, Asesor\u00eda T\u00e9cnica, Env\u00edos Urgentes, Consolidaci\u00f3n de Carga, Servicio de Tracking, Importaciones, Exportaciones y Transporte Internacional, Aduanas. Tiene como prop\u00f3sito fundamental brindar una [&hellip;]\" \/>\n<meta property=\"og:url\" content=\"https:\/\/navasca.com.ve\/index.php\/sobre-nosotros\/\" \/>\n<meta property=\"og:site_name\" content=\"Navasca\" \/>\n<meta property=\"article:modified_time\" content=\"2024-04-25T01:47:19+00:00\" \/>\n<meta property=\"og:image\" content=\"https:\/\/navasca.com.ve\/wp-content\/uploads\/2024\/04\/Diseno-sin-titulo-10.png\" \/>\n<meta name=\"twitter:card\" content=\"summary_large_image\" \/>\n<meta name=\"twitter:label1\" content=\"Tiempo de lectura\" \/>\n\t<meta name=\"twitter:data1\" content=\"2 minutos\" \/>\n<script type=\"application\/ld+json\" class=\"yoast-schema-graph\">{\"@context\":\"https:\/\/schema.org\",\"@graph\":[{\"@type\":\"WebPage\",\"@id\":\"https:\/\/navasca.com.ve\/index.php\/sobre-nosotros\/\",\"url\":\"https:\/\/navasca.com.ve\/index.php\/sobre-nosotros\/\",\"name\":\"Sobre nosotros - Navasca\",\"isPartOf\":{\"@id\":\"https:\/\/navasca.com.ve\/#website\"},\"primaryImageOfPage\":{\"@id\":\"https:\/\/navasca.com.ve\/index.php\/sobre-nosotros\/#primaryimage\"},\"image\":{\"@id\":\"https:\/\/navasca.com.ve\/index.php\/sobre-nosotros\/#primaryimage\"},\"thumbnailUrl\":\"https:\/\/navasca.com.ve\/wp-content\/uploads\/2024\/04\/Diseno-sin-titulo-10.png\",\"datePublished\":\"2024-04-23T18:53:53+00:00\",\"dateModified\":\"2024-04-25T01:47:19+00:00\",\"breadcrumb\":{\"@id\":\"https:\/\/navasca.com.ve\/index.php\/sobre-nosotros\/#breadcrumb\"},\"inLanguage\":\"es\",\"potentialAction\":[{\"@type\":\"ReadAction\",\"target\":[\"https:\/\/navasca.com.ve\/index.php\/sobre-nosotros\/\"]}]},{\"@type\":\"ImageObject\",\"inLanguage\":\"es\",\"@id\":\"https:\/\/navasca.com.ve\/index.php\/sobre-nosotros\/#primaryimage\",\"url\":\"https:\/\/navasca.com.ve\/wp-content\/uploads\/2024\/04\/Diseno-sin-titulo-10.png\",\"contentUrl\":\"https:\/\/navasca.com.ve\/wp-content\/uploads\/2024\/04\/Diseno-sin-titulo-10.png\",\"width\":341,\"height\":431},{\"@type\":\"BreadcrumbList\",\"@id\":\"https:\/\/navasca.com.ve\/index.php\/sobre-nosotros\/#breadcrumb\",\"itemListElement\":[{\"@type\":\"ListItem\",\"position\":1,\"name\":\"Portada\",\"item\":\"https:\/\/navasca.com.ve\/\"},{\"@type\":\"ListItem\",\"position\":2,\"name\":\"Sobre nosotros\"}]},{\"@type\":\"WebSite\",\"@id\":\"https:\/\/navasca.com.ve\/#website\",\"url\":\"https:\/\/navasca.com.ve\/\",\"name\":\"Navasca\",\"description\":\"\",\"publisher\":{\"@id\":\"https:\/\/navasca.com.ve\/#organization\"},\"potentialAction\":[{\"@type\":\"SearchAction\",\"target\":{\"@type\":\"EntryPoint\",\"urlTemplate\":\"https:\/\/navasca.com.ve\/?s={search_term_string}\"},\"query-input\":{\"@type\":\"PropertyValueSpecification\",\"valueRequired\":true,\"valueName\":\"search_term_string\"}}],\"inLanguage\":\"es\"},{\"@type\":\"Organization\",\"@id\":\"https:\/\/navasca.com.ve\/#organization\",\"name\":\"Navasca\",\"url\":\"https:\/\/navasca.com.ve\/\",\"logo\":{\"@type\":\"ImageObject\",\"inLanguage\":\"es\",\"@id\":\"https:\/\/navasca.com.ve\/#\/schema\/logo\/image\/\",\"url\":\"https:\/\/navasca.com.ve\/wp-content\/uploads\/2024\/03\/LOGO-NAVSCA-INTERNACIONAL.png\",\"contentUrl\":\"https:\/\/navasca.com.ve\/wp-content\/uploads\/2024\/03\/LOGO-NAVSCA-INTERNACIONAL.png\",\"width\":503,\"height\":302,\"caption\":\"Navasca\"},\"image\":{\"@id\":\"https:\/\/navasca.com.ve\/#\/schema\/logo\/image\/\"}}]}<\/script>\n<!-- \/ Yoast SEO plugin. -->","yoast_head_json":{"title":"Sobre nosotros - Navasca","robots":{"index":"index","follow":"follow","max-snippet":"max-snippet:-1","max-image-preview":"max-image-preview:large","max-video-preview":"max-video-preview:-1"},"canonical":"https:\/\/navasca.com.ve\/index.php\/sobre-nosotros\/","og_locale":"es_ES","og_type":"article","og_title":"Sobre nosotros - Navasca","og_description":"Sobre nosotros Rese\u00f1a Hist\u00f3rica A. NAVAS &amp; CO CA, es una empresa de vanguardia fundada el 06 de Mayo de 1981, cuya actividad comercial est\u00e1 dedicada al Agenciami\u00e9nto aduanero y naviero de mercanc\u00eda, Asesor\u00eda T\u00e9cnica, Env\u00edos Urgentes, Consolidaci\u00f3n de Carga, Servicio de Tracking, Importaciones, Exportaciones y Transporte Internacional, Aduanas. Tiene como prop\u00f3sito fundamental brindar una [&hellip;]","og_url":"https:\/\/navasca.com.ve\/index.php\/sobre-nosotros\/","og_site_name":"Navasca","article_modified_time":"2024-04-25T01:47:19+00:00","og_image":[{"url":"https:\/\/navasca.com.ve\/wp-content\/uploads\/2024\/04\/Diseno-sin-titulo-10.png","type":"","width":"","height":""}],"twitter_card":"summary_large_image","twitter_misc":{"Tiempo de lectura":"2 minutos"},"schema":{"@context":"https:\/\/schema.org","@graph":[{"@type":"WebPage","@id":"https:\/\/navasca.com.ve\/index.php\/sobre-nosotros\/","url":"https:\/\/navasca.com.ve\/index.php\/sobre-nosotros\/","name":"Sobre nosotros - Navasca","isPartOf":{"@id":"https:\/\/navasca.com.ve\/#website"},"primaryImageOfPage":{"@id":"https:\/\/navasca.com.ve\/index.php\/sobre-nosotros\/#primaryimage"},"image":{"@id":"https:\/\/navasca.com.ve\/index.php\/sobre-nosotros\/#primaryimage"},"thumbnailUrl":"https:\/\/navasca.com.ve\/wp-content\/uploads\/2024\/04\/Diseno-sin-titulo-10.png","datePublished":"2024-04-23T18:53:53+00:00","dateModified":"2024-04-25T01:47:19+00:00","breadcrumb":{"@id":"https:\/\/navasca.com.ve\/index.php\/sobre-nosotros\/#breadcrumb"},"inLanguage":"es","potentialAction":[{"@type":"ReadAction","target":["https:\/\/navasca.com.ve\/index.php\/sobre-nosotros\/"]}]},{"@type":"ImageObject","inLanguage":"es","@id":"https:\/\/navasca.com.ve\/index.php\/sobre-nosotros\/#primaryimage","url":"https:\/\/navasca.com.ve\/wp-content\/uploads\/2024\/04\/Diseno-sin-titulo-10.png","contentUrl":"https:\/\/navasca.com.ve\/wp-content\/uploads\/2024\/04\/Diseno-sin-titulo-10.png","width":341,"height":431},{"@type":"BreadcrumbList","@id":"https:\/\/navasca.com.ve\/index.php\/sobre-nosotros\/#breadcrumb","itemListElement":[{"@type":"ListItem","position":1,"name":"Portada","item":"https:\/\/navasca.com.ve\/"},{"@type":"ListItem","position":2,"name":"Sobre nosotros"}]},{"@type":"WebSite","@id":"https:\/\/navasca.com.ve\/#website","url":"https:\/\/navasca.com.ve\/","name":"Navasca","description":"","publisher":{"@id":"https:\/\/navasca.com.ve\/#organization"},"potentialAction":[{"@type":"SearchAction","target":{"@type":"EntryPoint","urlTemplate":"https:\/\/navasca.com.ve\/?s={search_term_string}"},"query-input":{"@type":"PropertyValueSpecification","valueRequired":true,"valueName":"search_term_string"}}],"inLanguage":"es"},{"@type":"Organization","@id":"https:\/\/navasca.com.ve\/#organization","name":"Navasca","url":"https:\/\/navasca.com.ve\/","logo":{"@type":"ImageObject","inLanguage":"es","@id":"https:\/\/navasca.com.ve\/#\/schema\/logo\/image\/","url":"https:\/\/navasca.com.ve\/wp-content\/uploads\/2024\/03\/LOGO-NAVSCA-INTERNACIONAL.png","contentUrl":"https:\/\/navasca.com.ve\/wp-content\/uploads\/2024\/03\/LOGO-NAVSCA-INTERNACIONAL.png","width":503,"height":302,"caption":"Navasca"},"image":{"@id":"https:\/\/navasca.com.ve\/#\/schema\/logo\/image\/"}}]}},"_links":{"self":[{"href":"https:\/\/navasca.com.ve\/index.php\/wp-json\/wp\/v2\/pages\/440","targetHints":{"allow":["GET"]}}],"collection":[{"href":"https:\/\/navasca.com.ve\/index.php\/wp-json\/wp\/v2\/pages"}],"about":[{"href":"https:\/\/navasca.com.ve\/index.php\/wp-json\/wp\/v2\/types\/page"}],"author":[{"embeddable":true,"href":"https:\/\/navasca.com.ve\/index.php\/wp-json\/wp\/v2\/users\/1"}],"replies":[{"embeddable":true,"href":"https:\/\/navasca.com.ve\/index.php\/wp-json\/wp\/v2\/comments?post=440"}],"version-history":[{"count":10,"href":"https:\/\/navasca.com.ve\/index.php\/wp-json\/wp\/v2\/pages\/440\/revisions"}],"predecessor-version":[{"id":526,"href":"https:\/\/navasca.com.ve\/index.php\/wp-json\/wp\/v2\/pages\/440\/revisions\/526"}],"wp:attachment":[{"href":"https:\/\/navasca.com.ve\/index.php\/wp-json\/wp\/v2\/media?parent=440"}],"curies":[{"name":"wp","href":"https:\/\/api.w.org\/{rel}","templated":true}]}}